{"id":594,"date":"2025-02-05T13:01:15","date_gmt":"2025-02-05T11:01:15","guid":{"rendered":"https:\/\/bioregions.lv\/?page_id=594"},"modified":"2025-05-14T07:17:06","modified_gmt":"2025-05-14T04:17:06","slug":"mediji","status":"publish","type":"page","link":"https:\/\/bioregions.lv\/en\/bioregions\/mediji\/","title":{"rendered":"Us in the media"},"content":{"rendered":"<h2 class=\"gb-headline gb-headline-671fca5f gb-headline-text\">Biore\u0123ions st\u0101stos! <\/h2>\n\n\n\n<p><strong>L\u016bk, video si\u017eeti un raksti, kas \u013caus Tev iepaz\u012bt Biore\u0123iona ideju. <\/strong><\/p>\n\n\n\n<div style=\"height:50px\" aria-hidden=\"true\" class=\"wp-block-spacer\"><\/div>\n\n\n\n<figure class=\"wp-block-gallery has-nested-images columns-4 is-cropped wp-block-gallery-1 is-layout-flex wp-block-gallery-is-layout-flex\">\n<figure class=\"wp-block-image size-large\"><a href=\"https:\/\/edruva.lv\/domas-un-viedokli\/bioregions-gnp-nakotne\/\"><img loading=\"lazy\" decoding=\"async\" width=\"1024\" height=\"1024\" data-id=\"1308\" src=\"https:\/\/bioregions.lv\/wp-content\/uploads\/2025\/05\/36-1024x1024.png\" alt=\"\" class=\"wp-image-1308\" srcset=\"https:\/\/bioregions.lv\/wp-content\/uploads\/2025\/05\/36-1024x1024.png 1024w, https:\/\/bioregions.lv\/wp-content\/uploads\/2025\/05\/36-300x300.png 300w, https:\/\/bioregions.lv\/wp-content\/uploads\/2025\/05\/36-150x150.png 150w, https:\/\/bioregions.lv\/wp-content\/uploads\/2025\/05\/36-768x768.png 768w, https:\/\/bioregions.lv\/wp-content\/uploads\/2025\/05\/36-1536x1536.png 1536w, https:\/\/bioregions.lv\/wp-content\/uploads\/2025\/05\/36-12x12.png 12w, https:\/\/bioregions.lv\/wp-content\/uploads\/2025\/05\/36.png 1620w\" sizes=\"auto, (max-width: 1024px) 100vw, 1024px\" \/><\/a><\/figure>\n\n\n\n<figure class=\"wp-block-image size-large\"><a href=\"https:\/\/www.delfi.lv\/52490913\/atbildigi-daba\/53821969\/bio-gnp-bio-latgale-bio-kuldiga-bioregionu-nakotne-latvija\"><img loading=\"lazy\" decoding=\"async\" width=\"1024\" height=\"1024\" data-id=\"1305\" src=\"https:\/\/bioregions.lv\/wp-content\/uploads\/2025\/05\/Bildes-1-1024x1024.png\" alt=\"\" class=\"wp-image-1305\" srcset=\"https:\/\/bioregions.lv\/wp-content\/uploads\/2025\/05\/Bildes-1-1024x1024.png 1024w, https:\/\/bioregions.lv\/wp-content\/uploads\/2025\/05\/Bildes-1-300x300.png 300w, https:\/\/bioregions.lv\/wp-content\/uploads\/2025\/05\/Bildes-1-150x150.png 150w, https:\/\/bioregions.lv\/wp-content\/uploads\/2025\/05\/Bildes-1-768x768.png 768w, https:\/\/bioregions.lv\/wp-content\/uploads\/2025\/05\/Bildes-1-1536x1536.png 1536w, https:\/\/bioregions.lv\/wp-content\/uploads\/2025\/05\/Bildes-1-12x12.png 12w, https:\/\/bioregions.lv\/wp-content\/uploads\/2025\/05\/Bildes-1.png 1620w\" sizes=\"auto, (max-width: 1024px) 100vw, 1024px\" \/><\/a><\/figure>\n\n\n\n<figure class=\"wp-block-image size-large\"><a href=\"https:\/\/www.youtube.com\/watch?v=9UpJcK7s598\"><img loading=\"lazy\" decoding=\"async\" width=\"1024\" height=\"1024\" data-id=\"1312\" src=\"https:\/\/bioregions.lv\/wp-content\/uploads\/2025\/05\/Bildes1-1-1024x1024.png\" alt=\"\" class=\"wp-image-1312\" srcset=\"https:\/\/bioregions.lv\/wp-content\/uploads\/2025\/05\/Bildes1-1-1024x1024.png 1024w, https:\/\/bioregions.lv\/wp-content\/uploads\/2025\/05\/Bildes1-1-300x300.png 300w, https:\/\/bioregions.lv\/wp-content\/uploads\/2025\/05\/Bildes1-1-150x150.png 150w, https:\/\/bioregions.lv\/wp-content\/uploads\/2025\/05\/Bildes1-1-768x768.png 768w, https:\/\/bioregions.lv\/wp-content\/uploads\/2025\/05\/Bildes1-1-1536x1536.png 1536w, https:\/\/bioregions.lv\/wp-content\/uploads\/2025\/05\/Bildes1-1-12x12.png 12w, https:\/\/bioregions.lv\/wp-content\/uploads\/2025\/05\/Bildes1-1.png 1620w\" sizes=\"auto, (max-width: 1024px) 100vw, 1024px\" \/><\/a><\/figure>\n\n\n\n<figure class=\"wp-block-image size-large\"><a href=\"https:\/\/www.lsm.lv\/raksts\/dzive--stils\/vide-un-dzivnieki\/bioregions-ko-tas-nozime-un-ka-tads-top-latvija.a495616\/\"><img loading=\"lazy\" decoding=\"async\" width=\"1024\" height=\"1024\" data-id=\"1303\" src=\"https:\/\/bioregions.lv\/wp-content\/uploads\/2025\/05\/35-1024x1024.png\" alt=\"\" class=\"wp-image-1303\" srcset=\"https:\/\/bioregions.lv\/wp-content\/uploads\/2025\/05\/35-1024x1024.png 1024w, https:\/\/bioregions.lv\/wp-content\/uploads\/2025\/05\/35-300x300.png 300w, https:\/\/bioregions.lv\/wp-content\/uploads\/2025\/05\/35-150x150.png 150w, https:\/\/bioregions.lv\/wp-content\/uploads\/2025\/05\/35-768x768.png 768w, https:\/\/bioregions.lv\/wp-content\/uploads\/2025\/05\/35-1536x1536.png 1536w, https:\/\/bioregions.lv\/wp-content\/uploads\/2025\/05\/35-12x12.png 12w, https:\/\/bioregions.lv\/wp-content\/uploads\/2025\/05\/35.png 1620w\" sizes=\"auto, (max-width: 1024px) 100vw, 1024px\" \/><\/a><\/figure>\n<\/figure>\n\n\n\n<div style=\"height:40px\" aria-hidden=\"true\" class=\"wp-block-spacer\"><\/div>\n\n\n\n<p><br><br><\/p>\n\n\n\n<p><\/p>","protected":false},"excerpt":{"rendered":"<p>Biore\u0123ions st\u0101stos! L\u016bk, video si\u017eeti un raksti, kas \u013caus Tev iepaz\u012bt Biore\u0123iona ideju.<\/p>","protected":false},"author":1,"featured_media":0,"parent":576,"menu_order":0,"comment_status":"closed","ping_status":"closed","template":"","meta":{"_acf_changed":false,"footnotes":"","css_class_manager_body_classes":"","css_class_manager_use_in_post_loop":false},"class_list":["post-594","page","type-page","status-publish","hentry"],"blocksy_meta":[],"acf":[],"_links":{"self":[{"href":"https:\/\/bioregions.lv\/en\/wp-json\/wp\/v2\/pages\/594","targetHints":{"allow":["GET"]}}],"collection":[{"href":"https:\/\/bioregions.lv\/en\/wp-json\/wp\/v2\/pages"}],"about":[{"href":"https:\/\/bioregions.lv\/en\/wp-json\/wp\/v2\/types\/page"}],"author":[{"embeddable":true,"href":"https:\/\/bioregions.lv\/en\/wp-json\/wp\/v2\/users\/1"}],"replies":[{"embeddable":true,"href":"https:\/\/bioregions.lv\/en\/wp-json\/wp\/v2\/comments?post=594"}],"version-history":[{"count":9,"href":"https:\/\/bioregions.lv\/en\/wp-json\/wp\/v2\/pages\/594\/revisions"}],"predecessor-version":[{"id":1344,"href":"https:\/\/bioregions.lv\/en\/wp-json\/wp\/v2\/pages\/594\/revisions\/1344"}],"up":[{"embeddable":true,"href":"https:\/\/bioregions.lv\/en\/wp-json\/wp\/v2\/pages\/576"}],"wp:attachment":[{"href":"https:\/\/bioregions.lv\/en\/wp-json\/wp\/v2\/media?parent=594"}],"curies":[{"name":"wp","href":"https:\/\/api.w.org\/{rel}","templated":true}]}}