{"id":580,"date":"2025-02-05T12:50:57","date_gmt":"2025-02-05T10:50:57","guid":{"rendered":"https:\/\/bioregions.lv\/?page_id=580"},"modified":"2025-05-11T21:23:36","modified_gmt":"2025-05-11T18:23:36","slug":"bioregions-faktos","status":"publish","type":"page","link":"https:\/\/bioregions.lv\/en\/bioregions\/bioregions-faktos\/","title":{"rendered":"Bioregion facts"},"content":{"rendered":"<div class=\"wp-block-group grid-2 is-nowrap is-layout-flex wp-container-core-group-is-layout-53c4c60d wp-block-group-is-layout-flex\">\n<figure class=\"wp-block-image size-full image-mask-2\"><img loading=\"lazy\" decoding=\"async\" width=\"1755\" height=\"1755\" src=\"https:\/\/bioregions.lv\/wp-content\/uploads\/2025\/05\/36.jpg\" alt=\"\" class=\"wp-image-1235\" srcset=\"https:\/\/bioregions.lv\/wp-content\/uploads\/2025\/05\/36.jpg 1755w, https:\/\/bioregions.lv\/wp-content\/uploads\/2025\/05\/36-300x300.jpg 300w, https:\/\/bioregions.lv\/wp-content\/uploads\/2025\/05\/36-1024x1024.jpg 1024w, https:\/\/bioregions.lv\/wp-content\/uploads\/2025\/05\/36-150x150.jpg 150w, https:\/\/bioregions.lv\/wp-content\/uploads\/2025\/05\/36-768x768.jpg 768w, https:\/\/bioregions.lv\/wp-content\/uploads\/2025\/05\/36-1536x1536.jpg 1536w, https:\/\/bioregions.lv\/wp-content\/uploads\/2025\/05\/36-12x12.jpg 12w\" sizes=\"auto, (max-width: 1755px) 100vw, 1755px\" \/><\/figure>\n\n\n\n<div class=\"wp-block-group wp-container-content-69bc4bdf is-layout-constrained wp-container-core-group-is-layout-e7a8db7c wp-block-group-is-layout-constrained\" style=\"margin-top:0;margin-bottom:0\">\n<h2 class=\"wp-block-heading\">Can facts and numbers express what the Bioregion is?<\/h2>\n\n\n\n<p><strong>It's growing and evolving by the minute! <\/strong><strong>But as of now, the timeline of the Bioregion goes like this:<\/strong><\/p>\n\n\n\n<p>2018 - The seed of the Bioregion idea is sown by GreenFest. Since then, the idea has grown through dialogue between stakeholders: citizens, businesses, representatives of local government and non-governmental organisations<\/p>\n\n\n\n<p>17 September 2022 - GreenFest discussion \"GNP - the first Bioregion in Latvia. What kind of world will we leave for future generations?\"&nbsp;<\/p>\n\n\n\n<p>31 March 2023 - Bioregion Think Tank where stakeholders outlined the current concept of the Bioregion<\/p>\n\n\n\n<p>25 October 2023 - First Bioregion Forum \u201cMission: creating a Bioregion in the Gauja National Park\u201d<\/p>\n\n\n\n<p>Summer 2024 - design sprint to define the governance model of the Bioregion and prototype the engagement platform<\/p>\n\n\n\n<p>2 October 2024 - Bioregion receives the State Chancellery's Award for a bold and innovative initiative<\/p>\n\n\n\n<p>14 May 2025 - Second Bioregional Forum on \u201cLocal Economy, Circularity and Organic Food\u201d<\/p>\n<\/div>\n<\/div>\n\n\n\n<div style=\"height:57px\" aria-hidden=\"true\" class=\"wp-block-spacer\"><\/div>\n\n\n\n\n\n\n\n<p><\/p>","protected":false},"excerpt":{"rendered":"<p>Vai iesp\u0113jams izst\u0101st\u012bt Biore\u0123ionu skait\u013cos un faktos? Tas nemit\u012bgi aug un main\u0101s! Ta\u010du \u0161obr\u012bd Biore\u0123iona laika l\u012bnija izskat\u0101s aptuveni \u0161\u0101di: 2018. gads \u2013 Biore\u0123iona idejas s\u0113klu ies\u0113j biedr\u012bba \u201cGreenFest\u201d. Kop\u0161 t\u0101 laika ideja augusi caur dialogu starp iesaist\u012btaj\u0101m pus\u0113m: iedz\u012bvot\u0101jiem, uz\u0146\u0113m\u0113jiem, pa\u0161vald\u012bbas un nevald\u012bbas organiz\u0101ciju p\u0101rst\u0101vjiem 2022. gada 17. septembris \u2013&nbsp;Valmiermui\u017e\u0101 GreenFest diskusija \u201cGNP \u2013 [&hellip;]<\/p>","protected":false},"author":1,"featured_media":0,"parent":576,"menu_order":0,"comment_status":"closed","ping_status":"closed","template":"","meta":{"_acf_changed":false,"footnotes":"","css_class_manager_body_classes":"","css_class_manager_use_in_post_loop":false},"class_list":["post-580","page","type-page","status-publish","hentry"],"blocksy_meta":[],"acf":[],"_links":{"self":[{"href":"https:\/\/bioregions.lv\/en\/wp-json\/wp\/v2\/pages\/580","targetHints":{"allow":["GET"]}}],"collection":[{"href":"https:\/\/bioregions.lv\/en\/wp-json\/wp\/v2\/pages"}],"about":[{"href":"https:\/\/bioregions.lv\/en\/wp-json\/wp\/v2\/types\/page"}],"author":[{"embeddable":true,"href":"https:\/\/bioregions.lv\/en\/wp-json\/wp\/v2\/users\/1"}],"replies":[{"embeddable":true,"href":"https:\/\/bioregions.lv\/en\/wp-json\/wp\/v2\/comments?post=580"}],"version-history":[{"count":7,"href":"https:\/\/bioregions.lv\/en\/wp-json\/wp\/v2\/pages\/580\/revisions"}],"predecessor-version":[{"id":1236,"href":"https:\/\/bioregions.lv\/en\/wp-json\/wp\/v2\/pages\/580\/revisions\/1236"}],"up":[{"embeddable":true,"href":"https:\/\/bioregions.lv\/en\/wp-json\/wp\/v2\/pages\/576"}],"wp:attachment":[{"href":"https:\/\/bioregions.lv\/en\/wp-json\/wp\/v2\/media?parent=580"}],"curies":[{"name":"wp","href":"https:\/\/api.w.org\/{rel}","templated":true}]}}